{"id":1323,"date":"2026-03-23T15:31:28","date_gmt":"2026-03-23T14:31:28","guid":{"rendered":"https:\/\/www.handballfoerderverein-bebra.de\/?page_id=1323"},"modified":"2026-03-23T15:47:53","modified_gmt":"2026-03-23T14:47:53","slug":"sponsoring","status":"publish","type":"page","link":"https:\/\/www.handballfoerderverein-bebra.de\/?page_id=1323","title":{"rendered":"Sponsoring"},"content":{"rendered":"\n<p>Der <strong>Handballf\u00f6rderverein Bebra<\/strong> setzt sich mit gro\u00dfem Engagement daf\u00fcr ein, den Handballsport in unserer Region zu st\u00e4rken und nachhaltig zu sichern. Um weiterhin optimale Trainingsbedingungen zu schaffen, unsere Mannschaften zu unterst\u00fctzen und sportliche Veranstaltungen auf hohem Niveau zu erm\u00f6glichen, sind wir auf starke Partner angewiesen. Mit einem Sponsoring leisten Sie nicht nur einen wertvollen Beitrag zur regionalen Sport- und Vereinsarbeit, sondern profitieren zugleich von einer wirkungsvollen Pr\u00e4sentation Ihres Unternehmens \u2013 sei es durch Hallenwerbung, Anzeigen in unserem Saisonheft oder durch digitale Pr\u00e4senz auf unserer Webseite. Ihre Unterst\u00fctzung st\u00e4rkt die Gemeinschaft, zeigt gesellschaftliches Engagement und macht Sie sichtbar in einem sportlichen, familienfreundlichen Umfeld. Gemeinsam k\u00f6nnen wir viel bewegen und den Handball in Bebra langfristig f\u00f6rdern. Wir freuen uns darauf, Sie als Partner an unserer Seite zu wissen.<\/p>\n\n\n\n<div data-wp-interactive=\"core\/file\" class=\"wp-block-file\"><object data-wp-bind--hidden=\"!state.hasPdfPreview\" hidden class=\"wp-block-file__embed\" data=\"https:\/\/www.handballfoerderverein-bebra.de\/wp-content\/uploads\/2026\/03\/Sponsoring-Uebersicht-Vertrag-Handballfoerderverein-TSV-Bebra-2008-e.V.-Saison-2026_2027-3.pdf\" type=\"application\/pdf\" style=\"width:100%;height:600px\" aria-label=\"Einbettung von Sponsoring - \u00dcbersicht &amp; Vertrag - Handballf\u00f6rderverein TSV Bebra 2008 e.V. - Saison 2026_2027.\"><\/object><a id=\"wp-block-file--media-004d3236-b7cd-435d-8873-5c68a91e57ce\" href=\"https:\/\/www.handballfoerderverein-bebra.de\/wp-content\/uploads\/2026\/03\/Sponsoring-Uebersicht-Vertrag-Handballfoerderverein-TSV-Bebra-2008-e.V.-Saison-2026_2027-3.pdf\">Sponsoring &#8211; \u00dcbersicht &#038; Vertrag &#8211; Handballf\u00f6rderverein TSV Bebra 2008 e.V. &#8211; Saison 2026_2027<\/a><a href=\"https:\/\/www.handballfoerderverein-bebra.de\/wp-content\/uploads\/2026\/03\/Sponsoring-Uebersicht-Vertrag-Handballfoerderverein-TSV-Bebra-2008-e.V.-Saison-2026_2027-3.pdf\" class=\"wp-block-file__button wp-element-button\" download aria-describedby=\"wp-block-file--media-004d3236-b7cd-435d-8873-5c68a91e57ce\">Herunterladen<\/a><\/div>\n\n\n\n<p><\/p>\n","protected":false},"excerpt":{"rendered":"<p>Der Handballf\u00f6rderverein Bebra setzt sich mit gro\u00dfem Engagement daf\u00fcr ein, den Handballsport in unserer Region zu st\u00e4rken und nachhaltig zu sichern. Um weiterhin optimale Trainingsbedingungen zu schaffen, unsere Mannschaften zu unterst\u00fctzen und sportliche Veranstaltungen auf hohem Niveau zu erm\u00f6glichen, sind wir auf starke Partner angewiesen. Mit einem Sponsoring leisten Sie nicht nur einen wertvollen Beitrag&hellip;&nbsp;<\/p>\n","protected":false},"author":1,"featured_media":0,"parent":0,"menu_order":0,"comment_status":"closed","ping_status":"closed","template":"","meta":{"saved_in_kubio":false,"neve_meta_sidebar":"","neve_meta_container":"","neve_meta_enable_content_width":"","neve_meta_content_width":0,"neve_meta_title_alignment":"","neve_meta_author_avatar":"","neve_post_elements_order":"","neve_meta_disable_header":"","neve_meta_disable_footer":"","neve_meta_disable_title":"","footnotes":""},"class_list":["post-1323","page","type-page","status-publish","hentry"],"kubio_ai_page_context":{"short_desc":"","purpose":"general"},"_links":{"self":[{"href":"https:\/\/www.handballfoerderverein-bebra.de\/index.php?rest_route=\/wp\/v2\/pages\/1323","targetHints":{"allow":["GET"]}}],"collection":[{"href":"https:\/\/www.handballfoerderverein-bebra.de\/index.php?rest_route=\/wp\/v2\/pages"}],"about":[{"href":"https:\/\/www.handballfoerderverein-bebra.de\/index.php?rest_route=\/wp\/v2\/types\/page"}],"author":[{"embeddable":true,"href":"https:\/\/www.handballfoerderverein-bebra.de\/index.php?rest_route=\/wp\/v2\/users\/1"}],"replies":[{"embeddable":true,"href":"https:\/\/www.handballfoerderverein-bebra.de\/index.php?rest_route=%2Fwp%2Fv2%2Fcomments&post=1323"}],"version-history":[{"count":4,"href":"https:\/\/www.handballfoerderverein-bebra.de\/index.php?rest_route=\/wp\/v2\/pages\/1323\/revisions"}],"predecessor-version":[{"id":1333,"href":"https:\/\/www.handballfoerderverein-bebra.de\/index.php?rest_route=\/wp\/v2\/pages\/1323\/revisions\/1333"}],"wp:attachment":[{"href":"https:\/\/www.handballfoerderverein-bebra.de\/index.php?rest_route=%2Fwp%2Fv2%2Fmedia&parent=1323"}],"curies":[{"name":"wp","href":"https:\/\/api.w.org\/{rel}","templated":true}]}}